{"id":1570,"date":"2022-05-25T23:13:10","date_gmt":"2022-05-25T20:13:10","guid":{"rendered":"http:\/\/localhost\/zbtm%C3%BChendislik\/?page_id=1570"},"modified":"2022-05-28T01:11:46","modified_gmt":"2022-05-27T22:11:46","slug":"haberlesme-cozumlerimiz","status":"publish","type":"page","link":"https:\/\/zbt.com.tr\/en\/haberlesme-cozumlerimiz\/","title":{"rendered":"Our Communication Solutions"},"content":{"rendered":"<div data-elementor-type=\"wp-page\" data-elementor-id=\"1570\" class=\"elementor elementor-1570\">\n\t\t\t\t\t\t<section class=\"elementor-section elementor-top-section elementor-element elementor-element-7b8dbd0 elementor-section-boxed elementor-section-height-default elementor-section-height-default\" data-id=\"7b8dbd0\" data-element_type=\"section\">\n\t\t\t\t\t\t<div class=\"elementor-container elementor-column-gap-default\">\n\t\t\t\t\t<div class=\"elementor-column elementor-col-50 elementor-top-column elementor-element elementor-element-47d94c7\" data-id=\"47d94c7\" data-element_type=\"column\" data-settings=\"{&quot;background_background&quot;:&quot;classic&quot;}\">\n\t\t\t<div class=\"elementor-widget-wrap elementor-element-populated\">\n\t\t\t\t\t\t<div class=\"elementor-element elementor-element-4e1bcee elementor-widget elementor-widget-induxo-title\" data-id=\"4e1bcee\" data-element_type=\"widget\" data-widget_type=\"induxo-title.default\">\n\t\t\t\t<div class=\"elementor-widget-container\">\n\t\t\t\t\t         <div class=\"section-heading-content\">\n                     <h2 class=\"section-title title-left\">\n                 Project <span>Detail<\/span>            <\/h2>\n         <\/div><!-- Section title -->\t\t\n         \n\n     \n    \t\t\t\t<\/div>\n\t\t\t\t<\/div>\n\t\t\t\t\t<\/div>\n\t\t<\/div>\n\t\t\t\t<div class=\"elementor-column elementor-col-50 elementor-top-column elementor-element elementor-element-436c689\" data-id=\"436c689\" data-element_type=\"column\">\n\t\t\t<div class=\"elementor-widget-wrap elementor-element-populated\">\n\t\t\t\t\t\t<div class=\"elementor-element elementor-element-1a78d42 elementor-widget elementor-widget-text-editor\" data-id=\"1a78d42\" data-element_type=\"widget\" data-widget_type=\"text-editor.default\">\n\t\t\t\t<div class=\"elementor-widget-container\">\n\t\t\t\t\t\t\t\t\t<p>Our Communication solutions developed by our company<\/p>\t\t\t\t\t\t\t\t<\/div>\n\t\t\t\t<\/div>\n\t\t\t\t\t<\/div>\n\t\t<\/div>\n\t\t\t\t\t<\/div>\n\t\t<\/section>\n\t\t\t\t<section class=\"elementor-section elementor-top-section elementor-element elementor-element-2864518 elementor-section-boxed elementor-section-height-default elementor-section-height-default\" data-id=\"2864518\" data-element_type=\"section\">\n\t\t\t\t\t\t<div class=\"elementor-container elementor-column-gap-default\">\n\t\t\t\t\t<div class=\"elementor-column elementor-col-100 elementor-top-column elementor-element elementor-element-76cda15\" data-id=\"76cda15\" data-element_type=\"column\">\n\t\t\t<div class=\"elementor-widget-wrap elementor-element-populated\">\n\t\t\t\t\t\t<div class=\"elementor-element elementor-element-a4a163f elementor-widget elementor-widget-gallery\" data-id=\"a4a163f\" data-element_type=\"widget\" data-settings=\"{&quot;columns&quot;:2,&quot;lazyload&quot;:&quot;yes&quot;,&quot;gallery_layout&quot;:&quot;grid&quot;,&quot;columns_tablet&quot;:2,&quot;columns_mobile&quot;:1,&quot;gap&quot;:{&quot;unit&quot;:&quot;px&quot;,&quot;size&quot;:10,&quot;sizes&quot;:[]},&quot;gap_tablet&quot;:{&quot;unit&quot;:&quot;px&quot;,&quot;size&quot;:10,&quot;sizes&quot;:[]},&quot;gap_mobile&quot;:{&quot;unit&quot;:&quot;px&quot;,&quot;size&quot;:10,&quot;sizes&quot;:[]},&quot;link_to&quot;:&quot;file&quot;,&quot;aspect_ratio&quot;:&quot;3:2&quot;,&quot;overlay_background&quot;:&quot;yes&quot;,&quot;content_hover_animation&quot;:&quot;fade-in&quot;}\" data-widget_type=\"gallery.default\">\n\t\t\t\t<div class=\"elementor-widget-container\">\n\t\t\t\t\t\t\t<div class=\"elementor-gallery__container\">\n\t\t\t\t\t\t\t<a class=\"e-gallery-item elementor-gallery-item elementor-animated-content\" href=\"https:\/\/zbt.com.tr\/wp-content\/uploads\/2022\/05\/IP-interkom-ana-kontrol-1280x610-1224x583-1.jpg\" data-elementor-open-lightbox=\"yes\" data-elementor-lightbox-slideshow=\"all-a4a163f\" data-elementor-lightbox-title=\"IP-interkom-ana-kontrol-1280x610-1224x583\" data-e-action-hash=\"#elementor-action%3Aaction%3Dlightbox%26settings%3DeyJpZCI6MTY1NCwidXJsIjoiaHR0cHM6XC9cL3pidC5jb20udHJcL3dwLWNvbnRlbnRcL3VwbG9hZHNcLzIwMjJcLzA1XC9JUC1pbnRlcmtvbS1hbmEta29udHJvbC0xMjgweDYxMC0xMjI0eDU4My0xLmpwZyIsInNsaWRlc2hvdyI6ImFsbC1hNGExNjNmIn0%3D\">\n\t\t\t\t\t<div class=\"e-gallery-image elementor-gallery-item__image\" data-thumbnail=\"https:\/\/zbt.com.tr\/wp-content\/uploads\/2022\/05\/IP-interkom-ana-kontrol-1280x610-1224x583-1-300x143.jpg\" data-width=\"300\" data-height=\"143\" alt=\"\" ><\/div>\n\t\t\t\t\t\t\t\t\t\t\t<div class=\"elementor-gallery-item__overlay\"><\/div>\n\t\t\t\t\t\t\t\t\t\t\t\t\t\t<\/a>\n\t\t\t\t\t\t\t<a class=\"e-gallery-item elementor-gallery-item elementor-animated-content\" href=\"https:\/\/zbt.com.tr\/wp-content\/uploads\/2022\/05\/komutan-on-1280x699-1224x668-2.jpg\" data-elementor-open-lightbox=\"yes\" data-elementor-lightbox-slideshow=\"all-a4a163f\" data-elementor-lightbox-title=\"komutan-\u00f6n-1280x699-1224x668\" data-e-action-hash=\"#elementor-action%3Aaction%3Dlightbox%26settings%3DeyJpZCI6MTY1NSwidXJsIjoiaHR0cHM6XC9cL3pidC5jb20udHJcL3dwLWNvbnRlbnRcL3VwbG9hZHNcLzIwMjJcLzA1XC9rb211dGFuLW9uLTEyODB4Njk5LTEyMjR4NjY4LTIuanBnIiwic2xpZGVzaG93IjoiYWxsLWE0YTE2M2YifQ%3D%3D\">\n\t\t\t\t\t<div class=\"e-gallery-image elementor-gallery-item__image\" data-thumbnail=\"https:\/\/zbt.com.tr\/wp-content\/uploads\/2022\/05\/komutan-on-1280x699-1224x668-2-300x164.jpg\" data-width=\"300\" data-height=\"164\" alt=\"\" ><\/div>\n\t\t\t\t\t\t\t\t\t\t\t<div class=\"elementor-gallery-item__overlay\"><\/div>\n\t\t\t\t\t\t\t\t\t\t\t\t\t\t<\/a>\n\t\t\t\t\t\t\t<a class=\"e-gallery-item elementor-gallery-item elementor-animated-content\" href=\"https:\/\/zbt.com.tr\/wp-content\/uploads\/2022\/05\/siren-anons-1224x473-1.jpg\" data-elementor-open-lightbox=\"yes\" data-elementor-lightbox-slideshow=\"all-a4a163f\" data-elementor-lightbox-title=\"siren-anons-1224x473\" data-e-action-hash=\"#elementor-action%3Aaction%3Dlightbox%26settings%3DeyJpZCI6MTY1NiwidXJsIjoiaHR0cHM6XC9cL3pidC5jb20udHJcL3dwLWNvbnRlbnRcL3VwbG9hZHNcLzIwMjJcLzA1XC9zaXJlbi1hbm9ucy0xMjI0eDQ3My0xLmpwZyIsInNsaWRlc2hvdyI6ImFsbC1hNGExNjNmIn0%3D\">\n\t\t\t\t\t<div class=\"e-gallery-image elementor-gallery-item__image\" data-thumbnail=\"https:\/\/zbt.com.tr\/wp-content\/uploads\/2022\/05\/siren-anons-1224x473-1-300x116.jpg\" data-width=\"300\" data-height=\"116\" alt=\"\" ><\/div>\n\t\t\t\t\t\t\t\t\t\t\t<div class=\"elementor-gallery-item__overlay\"><\/div>\n\t\t\t\t\t\t\t\t\t\t\t\t\t\t<\/a>\n\t\t\t\t\t\t\t<a class=\"e-gallery-item elementor-gallery-item elementor-animated-content\" href=\"https:\/\/zbt.com.tr\/wp-content\/uploads\/2022\/05\/siren-on-1224x662-1.jpg\" data-elementor-open-lightbox=\"yes\" data-elementor-lightbox-slideshow=\"all-a4a163f\" data-elementor-lightbox-title=\"siren-\u00f6n-1224x662\" data-e-action-hash=\"#elementor-action%3Aaction%3Dlightbox%26settings%3DeyJpZCI6MTY1NywidXJsIjoiaHR0cHM6XC9cL3pidC5jb20udHJcL3dwLWNvbnRlbnRcL3VwbG9hZHNcLzIwMjJcLzA1XC9zaXJlbi1vbi0xMjI0eDY2Mi0xLmpwZyIsInNsaWRlc2hvdyI6ImFsbC1hNGExNjNmIn0%3D\">\n\t\t\t\t\t<div class=\"e-gallery-image elementor-gallery-item__image\" data-thumbnail=\"https:\/\/zbt.com.tr\/wp-content\/uploads\/2022\/05\/siren-on-1224x662-1-300x162.jpg\" data-width=\"300\" data-height=\"162\" alt=\"\" ><\/div>\n\t\t\t\t\t\t\t\t\t\t\t<div class=\"elementor-gallery-item__overlay\"><\/div>\n\t\t\t\t\t\t\t\t\t\t\t\t\t\t<\/a>\n\t\t\t\t\t\t\t<a class=\"e-gallery-item elementor-gallery-item elementor-animated-content\" href=\"https:\/\/zbt.com.tr\/wp-content\/uploads\/2022\/05\/siren-ust-1224x689-1.jpg\" data-elementor-open-lightbox=\"yes\" data-elementor-lightbox-slideshow=\"all-a4a163f\" data-elementor-lightbox-title=\"siren-\u00fcst-1224x689\" data-e-action-hash=\"#elementor-action%3Aaction%3Dlightbox%26settings%3DeyJpZCI6MTY1OCwidXJsIjoiaHR0cHM6XC9cL3pidC5jb20udHJcL3dwLWNvbnRlbnRcL3VwbG9hZHNcLzIwMjJcLzA1XC9zaXJlbi11c3QtMTIyNHg2ODktMS5qcGciLCJzbGlkZXNob3ciOiJhbGwtYTRhMTYzZiJ9\">\n\t\t\t\t\t<div class=\"e-gallery-image elementor-gallery-item__image\" data-thumbnail=\"https:\/\/zbt.com.tr\/wp-content\/uploads\/2022\/05\/siren-ust-1224x689-1-300x169.jpg\" data-width=\"300\" data-height=\"169\" alt=\"\" ><\/div>\n\t\t\t\t\t\t\t\t\t\t\t<div class=\"elementor-gallery-item__overlay\"><\/div>\n\t\t\t\t\t\t\t\t\t\t\t\t\t\t<\/a>\n\t\t\t\t\t\t\t<a class=\"e-gallery-item elementor-gallery-item elementor-animated-content\" href=\"https:\/\/zbt.com.tr\/wp-content\/uploads\/2022\/05\/vhf-goruntu-aktarim-2-1224x395-1.jpg\" data-elementor-open-lightbox=\"yes\" data-elementor-lightbox-slideshow=\"all-a4a163f\" data-elementor-lightbox-title=\"vhf-g\u00f6r\u00fcnt\u00fc-aktar\u0131m-2-1224x395\" data-e-action-hash=\"#elementor-action%3Aaction%3Dlightbox%26settings%3DeyJpZCI6MTY1OSwidXJsIjoiaHR0cHM6XC9cL3pidC5jb20udHJcL3dwLWNvbnRlbnRcL3VwbG9hZHNcLzIwMjJcLzA1XC92aGYtZ29ydW50dS1ha3RhcmltLTItMTIyNHgzOTUtMS5qcGciLCJzbGlkZXNob3ciOiJhbGwtYTRhMTYzZiJ9\">\n\t\t\t\t\t<div class=\"e-gallery-image elementor-gallery-item__image\" data-thumbnail=\"https:\/\/zbt.com.tr\/wp-content\/uploads\/2022\/05\/vhf-goruntu-aktarim-2-1224x395-1-300x97.jpg\" data-width=\"300\" data-height=\"97\" alt=\"\" ><\/div>\n\t\t\t\t\t\t\t\t\t\t\t<div class=\"elementor-gallery-item__overlay\"><\/div>\n\t\t\t\t\t\t\t\t\t\t\t\t\t\t<\/a>\n\t\t\t\t\t\t\t<a class=\"e-gallery-item elementor-gallery-item elementor-animated-content\" href=\"https:\/\/zbt.com.tr\/wp-content\/uploads\/2022\/05\/vhf-ses-aktarim-1224x918-1.jpg\" data-elementor-open-lightbox=\"yes\" data-elementor-lightbox-slideshow=\"all-a4a163f\" data-elementor-lightbox-title=\"vhf-ses-aktar\u0131m-1224x918\" data-e-action-hash=\"#elementor-action%3Aaction%3Dlightbox%26settings%3DeyJpZCI6MTY2MCwidXJsIjoiaHR0cHM6XC9cL3pidC5jb20udHJcL3dwLWNvbnRlbnRcL3VwbG9hZHNcLzIwMjJcLzA1XC92aGYtc2VzLWFrdGFyaW0tMTIyNHg5MTgtMS5qcGciLCJzbGlkZXNob3ciOiJhbGwtYTRhMTYzZiJ9\">\n\t\t\t\t\t<div class=\"e-gallery-image elementor-gallery-item__image\" data-thumbnail=\"https:\/\/zbt.com.tr\/wp-content\/uploads\/2022\/05\/vhf-ses-aktarim-1224x918-1-300x225.jpg\" data-width=\"300\" data-height=\"225\" alt=\"\" ><\/div>\n\t\t\t\t\t\t\t\t\t\t\t<div class=\"elementor-gallery-item__overlay\"><\/div>\n\t\t\t\t\t\t\t\t\t\t\t\t\t\t<\/a>\n\t\t\t\t\t\t\t<a class=\"e-gallery-item elementor-gallery-item elementor-animated-content\" href=\"https:\/\/zbt.com.tr\/wp-content\/uploads\/2022\/05\/vip-arac-interkom-bas-konus-1224x1129-1.jpg\" data-elementor-open-lightbox=\"yes\" data-elementor-lightbox-slideshow=\"all-a4a163f\" data-elementor-lightbox-title=\"vip-ara\u00e7-interkom-bas-konu\u015f--1224x1129\" data-e-action-hash=\"#elementor-action%3Aaction%3Dlightbox%26settings%3DeyJpZCI6MTY2MSwidXJsIjoiaHR0cHM6XC9cL3pidC5jb20udHJcL3dwLWNvbnRlbnRcL3VwbG9hZHNcLzIwMjJcLzA1XC92aXAtYXJhYy1pbnRlcmtvbS1iYXMta29udXMtMTIyNHgxMTI5LTEuanBnIiwic2xpZGVzaG93IjoiYWxsLWE0YTE2M2YifQ%3D%3D\">\n\t\t\t\t\t<div class=\"e-gallery-image elementor-gallery-item__image\" data-thumbnail=\"https:\/\/zbt.com.tr\/wp-content\/uploads\/2022\/05\/vip-arac-interkom-bas-konus-1224x1129-1-300x277.jpg\" data-width=\"300\" data-height=\"277\" alt=\"\" ><\/div>\n\t\t\t\t\t\t\t\t\t\t\t<div class=\"elementor-gallery-item__overlay\"><\/div>\n\t\t\t\t\t\t\t\t\t\t\t\t\t\t<\/a>\n\t\t\t\t\t\t\t<a class=\"e-gallery-item elementor-gallery-item elementor-animated-content\" href=\"https:\/\/zbt.com.tr\/wp-content\/uploads\/2022\/05\/Vip-Ver2-1224x1098-1.jpg\" data-elementor-open-lightbox=\"yes\" data-elementor-lightbox-slideshow=\"all-a4a163f\" data-elementor-lightbox-title=\"Vip-Ver2--1224x1098\" data-e-action-hash=\"#elementor-action%3Aaction%3Dlightbox%26settings%3DeyJpZCI6MTY2MiwidXJsIjoiaHR0cHM6XC9cL3pidC5jb20udHJcL3dwLWNvbnRlbnRcL3VwbG9hZHNcLzIwMjJcLzA1XC9WaXAtVmVyMi0xMjI0eDEwOTgtMS5qcGciLCJzbGlkZXNob3ciOiJhbGwtYTRhMTYzZiJ9\">\n\t\t\t\t\t<div class=\"e-gallery-image elementor-gallery-item__image\" data-thumbnail=\"https:\/\/zbt.com.tr\/wp-content\/uploads\/2022\/05\/Vip-Ver2-1224x1098-1-300x269.jpg\" data-width=\"300\" data-height=\"269\" alt=\"\" ><\/div>\n\t\t\t\t\t\t\t\t\t\t\t<div class=\"elementor-gallery-item__overlay\"><\/div>\n\t\t\t\t\t\t\t\t\t\t\t\t\t\t<\/a>\n\t\t\t\t\t\t\t<a class=\"e-gallery-item elementor-gallery-item elementor-animated-content\" href=\"https:\/\/zbt.com.tr\/wp-content\/uploads\/2022\/05\/wireless-interkom-wifi-1224x830-1.jpg\" data-elementor-open-lightbox=\"yes\" data-elementor-lightbox-slideshow=\"all-a4a163f\" data-elementor-lightbox-title=\"wireless-interkom-wifi-1224x830\" data-e-action-hash=\"#elementor-action%3Aaction%3Dlightbox%26settings%3DeyJpZCI6MTY2MywidXJsIjoiaHR0cHM6XC9cL3pidC5jb20udHJcL3dwLWNvbnRlbnRcL3VwbG9hZHNcLzIwMjJcLzA1XC93aXJlbGVzcy1pbnRlcmtvbS13aWZpLTEyMjR4ODMwLTEuanBnIiwic2xpZGVzaG93IjoiYWxsLWE0YTE2M2YifQ%3D%3D\">\n\t\t\t\t\t<div class=\"e-gallery-image elementor-gallery-item__image\" data-thumbnail=\"https:\/\/zbt.com.tr\/wp-content\/uploads\/2022\/05\/wireless-interkom-wifi-1224x830-1-300x203.jpg\" data-width=\"300\" data-height=\"203\" alt=\"\" ><\/div>\n\t\t\t\t\t\t\t\t\t\t\t<div class=\"elementor-gallery-item__overlay\"><\/div>\n\t\t\t\t\t\t\t\t\t\t\t\t\t\t<\/a>\n\t\t\t\t\t\t\t<a class=\"e-gallery-item elementor-gallery-item elementor-animated-content\" href=\"https:\/\/zbt.com.tr\/wp-content\/uploads\/2022\/05\/wireless-interkom-wifi-IP.jpg\" data-elementor-open-lightbox=\"yes\" data-elementor-lightbox-slideshow=\"all-a4a163f\" data-elementor-lightbox-title=\"wireless-interkom-wifi-IP\" data-e-action-hash=\"#elementor-action%3Aaction%3Dlightbox%26settings%3DeyJpZCI6MTY2NCwidXJsIjoiaHR0cHM6XC9cL3pidC5jb20udHJcL3dwLWNvbnRlbnRcL3VwbG9hZHNcLzIwMjJcLzA1XC93aXJlbGVzcy1pbnRlcmtvbS13aWZpLUlQLmpwZyIsInNsaWRlc2hvdyI6ImFsbC1hNGExNjNmIn0%3D\">\n\t\t\t\t\t<div class=\"e-gallery-image elementor-gallery-item__image\" data-thumbnail=\"https:\/\/zbt.com.tr\/wp-content\/uploads\/2022\/05\/wireless-interkom-wifi-IP-225x300.jpg\" data-width=\"225\" data-height=\"300\" alt=\"\" ><\/div>\n\t\t\t\t\t\t\t\t\t\t\t<div class=\"elementor-gallery-item__overlay\"><\/div>\n\t\t\t\t\t\t\t\t\t\t\t\t\t\t<\/a>\n\t\t\t\t\t<\/div>\n\t\t\t\t\t<\/div>\n\t\t\t\t<\/div>\n\t\t\t\t\t<\/div>\n\t\t<\/div>\n\t\t\t\t\t<\/div>\n\t\t<\/section>\n\t\t\t\t<\/div>","protected":false},"excerpt":{"rendered":"<p>Proje Detay\u0131 \u015eirketimiz taraf\u0131ndan geli\u015ftirilen Haberle\u015fme \u00e7\u00f6z\u00fcmlerimiz<\/p>","protected":false},"author":1,"featured_media":0,"parent":0,"menu_order":0,"comment_status":"closed","ping_status":"closed","template":"","meta":{"footnotes":""},"class_list":["post-1570","page","type-page","status-publish","hentry"],"_links":{"self":[{"href":"https:\/\/zbt.com.tr\/en\/wp-json\/wp\/v2\/pages\/1570","targetHints":{"allow":["GET"]}}],"collection":[{"href":"https:\/\/zbt.com.tr\/en\/wp-json\/wp\/v2\/pages"}],"about":[{"href":"https:\/\/zbt.com.tr\/en\/wp-json\/wp\/v2\/types\/page"}],"author":[{"embeddable":true,"href":"https:\/\/zbt.com.tr\/en\/wp-json\/wp\/v2\/users\/1"}],"replies":[{"embeddable":true,"href":"https:\/\/zbt.com.tr\/en\/wp-json\/wp\/v2\/comments?post=1570"}],"version-history":[{"count":3,"href":"https:\/\/zbt.com.tr\/en\/wp-json\/wp\/v2\/pages\/1570\/revisions"}],"predecessor-version":[{"id":1667,"href":"https:\/\/zbt.com.tr\/en\/wp-json\/wp\/v2\/pages\/1570\/revisions\/1667"}],"wp:attachment":[{"href":"https:\/\/zbt.com.tr\/en\/wp-json\/wp\/v2\/media?parent=1570"}],"curies":[{"name":"wp","href":"https:\/\/api.w.org\/{rel}","templated":true}]}}