{"id":1539,"date":"2022-05-25T23:02:17","date_gmt":"2022-05-25T20:02:17","guid":{"rendered":"http:\/\/localhost\/zbtm%C3%BChendislik\/?page_id=1539"},"modified":"2025-10-06T17:25:06","modified_gmt":"2025-10-06T14:25:06","slug":"balikci-gemileri-izleme-sistemi-bagis","status":"publish","type":"page","link":"https:\/\/zbt.com.tr\/en\/balikci-gemileri-izleme-sistemi-bagis\/","title":{"rendered":"Fishing Vessels Monitoring System (BAG\u0130S)"},"content":{"rendered":"<div data-elementor-type=\"wp-page\" data-elementor-id=\"1539\" class=\"elementor elementor-1539\">\n\t\t\t\t\t\t<section class=\"elementor-section elementor-top-section elementor-element elementor-element-2a82f6f elementor-section-boxed elementor-section-height-default elementor-section-height-default\" data-id=\"2a82f6f\" data-element_type=\"section\">\n\t\t\t\t\t\t<div class=\"elementor-container elementor-column-gap-default\">\n\t\t\t\t\t<div class=\"elementor-column elementor-col-50 elementor-top-column elementor-element elementor-element-dfb5ec6\" data-id=\"dfb5ec6\" data-element_type=\"column\" data-settings=\"{&quot;background_background&quot;:&quot;classic&quot;}\">\n\t\t\t<div class=\"elementor-widget-wrap elementor-element-populated\">\n\t\t\t\t\t\t<div class=\"elementor-element elementor-element-0cb7d7f elementor-widget elementor-widget-induxo-title\" data-id=\"0cb7d7f\" data-element_type=\"widget\" data-widget_type=\"induxo-title.default\">\n\t\t\t\t<div class=\"elementor-widget-container\">\n\t\t\t\t\t         <div class=\"section-heading-content\">\n                     <h2 class=\"section-title title-left\">\n                 Bagis Device            <\/h2>\n         <\/div><!-- Section title -->\t\t\n         \n\n     \n    \t\t\t\t<\/div>\n\t\t\t\t<\/div>\n\t\t\t\t\t<\/div>\n\t\t<\/div>\n\t\t\t\t<div class=\"elementor-column elementor-col-50 elementor-top-column elementor-element elementor-element-1e3d599\" data-id=\"1e3d599\" data-element_type=\"column\">\n\t\t\t<div class=\"elementor-widget-wrap elementor-element-populated\">\n\t\t\t\t\t\t<div class=\"elementor-element elementor-element-4f4d5ab elementor-widget elementor-widget-text-editor\" data-id=\"4f4d5ab\" data-element_type=\"widget\" data-widget_type=\"text-editor.default\">\n\t\t\t\t<div class=\"elementor-widget-container\">\n\t\t\t\t\t\t\t\t\t<p>Fishing Vessels Monitoring System BAG\u0130S Device<\/p>\t\t\t\t\t\t\t\t<\/div>\n\t\t\t\t<\/div>\n\t\t\t\t\t<\/div>\n\t\t<\/div>\n\t\t\t\t\t<\/div>\n\t\t<\/section>\n\t\t\t\t<section class=\"elementor-section elementor-top-section elementor-element elementor-element-c29eabf elementor-section-boxed elementor-section-height-default elementor-section-height-default\" data-id=\"c29eabf\" data-element_type=\"section\">\n\t\t\t\t\t\t<div class=\"elementor-container elementor-column-gap-default\">\n\t\t\t\t\t<div class=\"elementor-column elementor-col-100 elementor-top-column elementor-element elementor-element-524741c\" data-id=\"524741c\" data-element_type=\"column\">\n\t\t\t<div class=\"elementor-widget-wrap elementor-element-populated\">\n\t\t\t\t\t\t<section class=\"elementor-section elementor-inner-section elementor-element elementor-element-3bf4c75 elementor-section-boxed elementor-section-height-default elementor-section-height-default\" data-id=\"3bf4c75\" data-element_type=\"section\">\n\t\t\t\t\t\t<div class=\"elementor-container elementor-column-gap-default\">\n\t\t\t\t\t<div class=\"elementor-column elementor-col-50 elementor-inner-column elementor-element elementor-element-2c95588\" data-id=\"2c95588\" data-element_type=\"column\">\n\t\t\t<div class=\"elementor-widget-wrap elementor-element-populated\">\n\t\t\t\t\t\t<div class=\"elementor-element elementor-element-bf44295 elementor-widget elementor-widget-heading\" data-id=\"bf44295\" data-element_type=\"widget\" data-widget_type=\"heading.default\">\n\t\t\t\t<div class=\"elementor-widget-container\">\n\t\t\t\t\t<h4 class=\"elementor-heading-title elementor-size-default\">Bagis Device<\/h4>\t\t\t\t<\/div>\n\t\t\t\t<\/div>\n\t\t\t\t\t<\/div>\n\t\t<\/div>\n\t\t\t\t<div class=\"elementor-column elementor-col-50 elementor-inner-column elementor-element elementor-element-5ca9ed9\" data-id=\"5ca9ed9\" data-element_type=\"column\">\n\t\t\t<div class=\"elementor-widget-wrap elementor-element-populated\">\n\t\t\t\t\t\t<div class=\"elementor-element elementor-element-1ee4abf elementor-widget elementor-widget-image\" data-id=\"1ee4abf\" data-element_type=\"widget\" data-widget_type=\"image.default\">\n\t\t\t\t<div class=\"elementor-widget-container\">\n\t\t\t\t\t\t\t\t\t\t\t\t\t\t\t\t<a href=\"https:\/\/zbt.com.tr\/wp-content\/uploads\/2022\/08\/bagis-Cihazi.jpeg\" data-elementor-open-lightbox=\"yes\" data-elementor-lightbox-title=\"bagis Cihaz\u0131\" data-e-action-hash=\"#elementor-action%3Aaction%3Dlightbox%26settings%3DeyJpZCI6MTgzOCwidXJsIjoiaHR0cHM6XC9cL3pidC5jb20udHJcL3dwLWNvbnRlbnRcL3VwbG9hZHNcLzIwMjJcLzA4XC9iYWdpcy1DaWhhemkuanBlZyJ9\">\n\t\t\t\t\t\t\t<img fetchpriority=\"high\" decoding=\"async\" width=\"768\" height=\"1024\" src=\"https:\/\/zbt.com.tr\/wp-content\/uploads\/2022\/08\/bagis-Cihazi-768x1024.jpeg\" class=\"attachment-medium_large size-medium_large wp-image-1838\" alt=\"bagis Cihaz\u0131\" srcset=\"https:\/\/zbt.com.tr\/wp-content\/uploads\/2022\/08\/bagis-Cihazi-768x1024.jpeg 768w, https:\/\/zbt.com.tr\/wp-content\/uploads\/2022\/08\/bagis-Cihazi-225x300.jpeg 225w, https:\/\/zbt.com.tr\/wp-content\/uploads\/2022\/08\/bagis-Cihazi-1152x1536.jpeg 1152w, https:\/\/zbt.com.tr\/wp-content\/uploads\/2022\/08\/bagis-Cihazi.jpeg 1200w\" sizes=\"(max-width: 768px) 100vw, 768px\" title=\"\">\t\t\t\t\t\t\t\t<\/a>\n\t\t\t\t\t\t\t\t\t\t\t\t\t\t\t<\/div>\n\t\t\t\t<\/div>\n\t\t\t\t\t<\/div>\n\t\t<\/div>\n\t\t\t\t\t<\/div>\n\t\t<\/section>\n\t\t\t\t<section class=\"elementor-section elementor-inner-section elementor-element elementor-element-1c77135 elementor-section-boxed elementor-section-height-default elementor-section-height-default\" data-id=\"1c77135\" data-element_type=\"section\">\n\t\t\t\t\t\t<div class=\"elementor-container elementor-column-gap-default\">\n\t\t\t\t\t<div class=\"elementor-column elementor-col-50 elementor-inner-column elementor-element elementor-element-79e3ef8\" data-id=\"79e3ef8\" data-element_type=\"column\">\n\t\t\t<div class=\"elementor-widget-wrap elementor-element-populated\">\n\t\t\t\t\t\t<div class=\"elementor-element elementor-element-e25c150 elementor-widget elementor-widget-heading\" data-id=\"e25c150\" data-element_type=\"widget\" data-widget_type=\"heading.default\">\n\t\t\t\t<div class=\"elementor-widget-container\">\n\t\t\t\t\t<h4 class=\"elementor-heading-title elementor-size-default\">Bagis Device<\/h4>\t\t\t\t<\/div>\n\t\t\t\t<\/div>\n\t\t\t\t\t<\/div>\n\t\t<\/div>\n\t\t\t\t<div class=\"elementor-column elementor-col-50 elementor-inner-column elementor-element elementor-element-b4ecf45\" data-id=\"b4ecf45\" data-element_type=\"column\">\n\t\t\t<div class=\"elementor-widget-wrap elementor-element-populated\">\n\t\t\t\t\t\t<div class=\"elementor-element elementor-element-9532858 elementor-widget elementor-widget-image\" data-id=\"9532858\" data-element_type=\"widget\" data-widget_type=\"image.default\">\n\t\t\t\t<div class=\"elementor-widget-container\">\n\t\t\t\t\t\t\t\t\t\t\t\t\t\t\t\t<a href=\"https:\/\/zbt.com.tr\/wp-content\/uploads\/2022\/08\/BAGIS-cihazi-1.jpeg\" data-elementor-open-lightbox=\"yes\" data-elementor-lightbox-title=\"BAG\u0130S cihaz\u0131\" data-e-action-hash=\"#elementor-action%3Aaction%3Dlightbox%26settings%3DeyJpZCI6MTgzOSwidXJsIjoiaHR0cHM6XC9cL3pidC5jb20udHJcL3dwLWNvbnRlbnRcL3VwbG9hZHNcLzIwMjJcLzA4XC9CQUdJUy1jaWhhemktMS5qcGVnIn0%3D\">\n\t\t\t\t\t\t\t<img decoding=\"async\" width=\"768\" height=\"1024\" src=\"https:\/\/zbt.com.tr\/wp-content\/uploads\/2022\/08\/BAGIS-cihazi-1-768x1024.jpeg\" class=\"attachment-medium_large size-medium_large wp-image-1839\" alt=\"BAG\u0130S cihaz\u0131\" srcset=\"https:\/\/zbt.com.tr\/wp-content\/uploads\/2022\/08\/BAGIS-cihazi-1-768x1024.jpeg 768w, https:\/\/zbt.com.tr\/wp-content\/uploads\/2022\/08\/BAGIS-cihazi-1-225x300.jpeg 225w, https:\/\/zbt.com.tr\/wp-content\/uploads\/2022\/08\/BAGIS-cihazi-1-1152x1536.jpeg 1152w, https:\/\/zbt.com.tr\/wp-content\/uploads\/2022\/08\/BAGIS-cihazi-1.jpeg 1200w\" sizes=\"(max-width: 768px) 100vw, 768px\" title=\"\">\t\t\t\t\t\t\t\t<\/a>\n\t\t\t\t\t\t\t\t\t\t\t\t\t\t\t<\/div>\n\t\t\t\t<\/div>\n\t\t\t\t\t<\/div>\n\t\t<\/div>\n\t\t\t\t\t<\/div>\n\t\t<\/section>\n\t\t\t\t<section class=\"elementor-section elementor-inner-section elementor-element elementor-element-af0a416 elementor-section-boxed elementor-section-height-default elementor-section-height-default\" data-id=\"af0a416\" data-element_type=\"section\">\n\t\t\t\t\t\t<div class=\"elementor-container elementor-column-gap-default\">\n\t\t\t\t\t<div class=\"elementor-column elementor-col-50 elementor-inner-column elementor-element elementor-element-e10f25d\" data-id=\"e10f25d\" data-element_type=\"column\">\n\t\t\t<div class=\"elementor-widget-wrap elementor-element-populated\">\n\t\t\t\t\t\t<div class=\"elementor-element elementor-element-93af2bb elementor-widget elementor-widget-heading\" data-id=\"93af2bb\" data-element_type=\"widget\" data-widget_type=\"heading.default\">\n\t\t\t\t<div class=\"elementor-widget-container\">\n\t\t\t\t\t<h4 class=\"elementor-heading-title elementor-size-default\">GSM+SAT VMS TRANSPONDER<\/h4>\t\t\t\t<\/div>\n\t\t\t\t<\/div>\n\t\t\t\t\t<\/div>\n\t\t<\/div>\n\t\t\t\t<div class=\"elementor-column elementor-col-50 elementor-inner-column elementor-element elementor-element-09f85af\" data-id=\"09f85af\" data-element_type=\"column\">\n\t\t\t<div class=\"elementor-widget-wrap elementor-element-populated\">\n\t\t\t\t\t\t<div class=\"elementor-element elementor-element-6d72ebe elementor-widget elementor-widget-image\" data-id=\"6d72ebe\" data-element_type=\"widget\" data-widget_type=\"image.default\">\n\t\t\t\t<div class=\"elementor-widget-container\">\n\t\t\t\t\t\t\t\t\t\t\t\t\t\t\t\t<a href=\"https:\/\/zbt.com.tr\/wp-content\/uploads\/2025\/10\/WhatsApp-Gorsel-2025-10-06-saat-13.04.30_fd136ab1.jpg\" data-elementor-open-lightbox=\"yes\" data-elementor-lightbox-title=\"WhatsApp G\u00f6rsel 2025-10-06 saat 13.04.30_fd136ab1\" data-e-action-hash=\"#elementor-action%3Aaction%3Dlightbox%26settings%3DeyJpZCI6MjAwNiwidXJsIjoiaHR0cHM6XC9cL3pidC5jb20udHJcL3dwLWNvbnRlbnRcL3VwbG9hZHNcLzIwMjVcLzEwXC9XaGF0c0FwcC1Hb3JzZWwtMjAyNS0xMC0wNi1zYWF0LTEzLjA0LjMwX2ZkMTM2YWIxLmpwZyJ9\">\n\t\t\t\t\t\t\t<img decoding=\"async\" width=\"768\" height=\"964\" src=\"https:\/\/zbt.com.tr\/wp-content\/uploads\/2025\/10\/WhatsApp-Gorsel-2025-10-06-saat-13.04.30_fd136ab1-768x964.jpg\" class=\"attachment-medium_large size-medium_large wp-image-2006\" alt=\"\" srcset=\"https:\/\/zbt.com.tr\/wp-content\/uploads\/2025\/10\/WhatsApp-Gorsel-2025-10-06-saat-13.04.30_fd136ab1-768x964.jpg 768w, https:\/\/zbt.com.tr\/wp-content\/uploads\/2025\/10\/WhatsApp-Gorsel-2025-10-06-saat-13.04.30_fd136ab1-239x300.jpg 239w, https:\/\/zbt.com.tr\/wp-content\/uploads\/2025\/10\/WhatsApp-Gorsel-2025-10-06-saat-13.04.30_fd136ab1-816x1024.jpg 816w, https:\/\/zbt.com.tr\/wp-content\/uploads\/2025\/10\/WhatsApp-Gorsel-2025-10-06-saat-13.04.30_fd136ab1-1224x1536.jpg 1224w, https:\/\/zbt.com.tr\/wp-content\/uploads\/2025\/10\/WhatsApp-Gorsel-2025-10-06-saat-13.04.30_fd136ab1-10x12.jpg 10w, https:\/\/zbt.com.tr\/wp-content\/uploads\/2025\/10\/WhatsApp-Gorsel-2025-10-06-saat-13.04.30_fd136ab1.jpg 1632w\" sizes=\"(max-width: 768px) 100vw, 768px\" title=\"\">\t\t\t\t\t\t\t\t<\/a>\n\t\t\t\t\t\t\t\t\t\t\t\t\t\t\t<\/div>\n\t\t\t\t<\/div>\n\t\t\t\t\t<\/div>\n\t\t<\/div>\n\t\t\t\t\t<\/div>\n\t\t<\/section>\n\t\t\t\t\t<\/div>\n\t\t<\/div>\n\t\t\t\t\t<\/div>\n\t\t<\/section>\n\t\t\t\t<\/div>","protected":false},"excerpt":{"rendered":"<p>Bagis Cihaz\u0131 Bal\u0131k\u00e7\u0131 Gemileri \u0130zleme Sistemi BAG\u0130S Cihaz\u0131 Bagis Cihaz\u0131 Bagis Cihaz\u0131 GSM+SAT VMS TRANSPONDER<\/p>","protected":false},"author":1,"featured_media":0,"parent":0,"menu_order":0,"comment_status":"closed","ping_status":"closed","template":"","meta":{"footnotes":""},"class_list":["post-1539","page","type-page","status-publish","hentry"],"_links":{"self":[{"href":"https:\/\/zbt.com.tr\/en\/wp-json\/wp\/v2\/pages\/1539","targetHints":{"allow":["GET"]}}],"collection":[{"href":"https:\/\/zbt.com.tr\/en\/wp-json\/wp\/v2\/pages"}],"about":[{"href":"https:\/\/zbt.com.tr\/en\/wp-json\/wp\/v2\/types\/page"}],"author":[{"embeddable":true,"href":"https:\/\/zbt.com.tr\/en\/wp-json\/wp\/v2\/users\/1"}],"replies":[{"embeddable":true,"href":"https:\/\/zbt.com.tr\/en\/wp-json\/wp\/v2\/comments?post=1539"}],"version-history":[{"count":9,"href":"https:\/\/zbt.com.tr\/en\/wp-json\/wp\/v2\/pages\/1539\/revisions"}],"predecessor-version":[{"id":2009,"href":"https:\/\/zbt.com.tr\/en\/wp-json\/wp\/v2\/pages\/1539\/revisions\/2009"}],"wp:attachment":[{"href":"https:\/\/zbt.com.tr\/en\/wp-json\/wp\/v2\/media?parent=1539"}],"curies":[{"name":"wp","href":"https:\/\/api.w.org\/{rel}","templated":true}]}}