{"id":1534,"date":"2022-05-25T22:59:37","date_gmt":"2022-05-25T19:59:37","guid":{"rendered":"http:\/\/localhost\/zbtm%C3%BChendislik\/?page_id=1534"},"modified":"2023-05-02T23:21:00","modified_gmt":"2023-05-02T20:21:00","slug":"mira","status":"publish","type":"page","link":"https:\/\/zbt.com.tr\/en\/mira\/","title":{"rendered":"Mira"},"content":{"rendered":"<div data-elementor-type=\"wp-page\" data-elementor-id=\"1534\" class=\"elementor elementor-1534\">\n\t\t\t\t\t\t<section class=\"elementor-section elementor-top-section elementor-element elementor-element-b2f10fb elementor-section-boxed elementor-section-height-default elementor-section-height-default\" data-id=\"b2f10fb\" data-element_type=\"section\">\n\t\t\t\t\t\t<div class=\"elementor-container elementor-column-gap-default\">\n\t\t\t\t\t<div class=\"elementor-column elementor-col-50 elementor-top-column elementor-element elementor-element-e62e012\" data-id=\"e62e012\" data-element_type=\"column\" data-settings=\"{&quot;background_background&quot;:&quot;classic&quot;}\">\n\t\t\t<div class=\"elementor-widget-wrap elementor-element-populated\">\n\t\t\t\t\t\t<div class=\"elementor-element elementor-element-12bef88 elementor-widget elementor-widget-induxo-title\" data-id=\"12bef88\" data-element_type=\"widget\" data-widget_type=\"induxo-title.default\">\n\t\t\t\t<div class=\"elementor-widget-container\">\n\t\t\t\t\t         <div class=\"section-heading-content\">\n                     <h6 class=\"section-title title-left\">\n                 Milan Mira (ELEKTRONISCHE BAUTE) 5855-12-307-3868 Part No: 7228901            <\/h6>\n         <\/div><!-- Section title -->\t\t\n         \n\n     \n    \t\t\t\t<\/div>\n\t\t\t\t<\/div>\n\t\t\t\t\t<\/div>\n\t\t<\/div>\n\t\t\t\t<div class=\"elementor-column elementor-col-50 elementor-top-column elementor-element elementor-element-d571284\" data-id=\"d571284\" data-element_type=\"column\">\n\t\t\t<div class=\"elementor-widget-wrap elementor-element-populated\">\n\t\t\t\t\t\t<div class=\"elementor-element elementor-element-8cf8e69 elementor-widget elementor-widget-text-editor\" data-id=\"8cf8e69\" data-element_type=\"widget\" data-widget_type=\"text-editor.default\">\n\t\t\t\t<div class=\"elementor-widget-container\">\n\t\t\t\t\t\t\t\t\t<p>Our company designs and produces military electronic cards, systems and devices, including embedded software, that are unique to the needs, cannot be supplied from abroad or are high cost, completely nationally.<\/p>\t\t\t\t\t\t\t\t<\/div>\n\t\t\t\t<\/div>\n\t\t\t\t\t<\/div>\n\t\t<\/div>\n\t\t\t\t\t<\/div>\n\t\t<\/section>\n\t\t\t\t<section class=\"elementor-section elementor-top-section elementor-element elementor-element-a1d9a6b elementor-section-boxed elementor-section-height-default elementor-section-height-default\" data-id=\"a1d9a6b\" data-element_type=\"section\">\n\t\t\t\t\t\t<div class=\"elementor-container elementor-column-gap-default\">\n\t\t\t\t\t<div class=\"elementor-column elementor-col-100 elementor-top-column elementor-element elementor-element-8f7ec8b\" data-id=\"8f7ec8b\" data-element_type=\"column\">\n\t\t\t<div class=\"elementor-widget-wrap elementor-element-populated\">\n\t\t\t\t\t\t<section class=\"elementor-section elementor-inner-section elementor-element elementor-element-b39f853 elementor-section-boxed elementor-section-height-default elementor-section-height-default\" data-id=\"b39f853\" data-element_type=\"section\">\n\t\t\t\t\t\t<div class=\"elementor-container elementor-column-gap-default\">\n\t\t\t\t\t<div class=\"elementor-column elementor-col-50 elementor-inner-column elementor-element elementor-element-8209637\" data-id=\"8209637\" data-element_type=\"column\">\n\t\t\t<div class=\"elementor-widget-wrap elementor-element-populated\">\n\t\t\t\t\t\t<div class=\"elementor-element elementor-element-a962b53 elementor-widget elementor-widget-heading\" data-id=\"a962b53\" data-element_type=\"widget\" data-widget_type=\"heading.default\">\n\t\t\t\t<div class=\"elementor-widget-container\">\n\t\t\t\t\t<h4 class=\"elementor-heading-title elementor-size-default\">5855-12-307-3866 ELECTRONIC COMPONENTS ASSEMBLY Panel<\/h4>\t\t\t\t<\/div>\n\t\t\t\t<\/div>\n\t\t\t\t\t<\/div>\n\t\t<\/div>\n\t\t\t\t<div class=\"elementor-column elementor-col-50 elementor-inner-column elementor-element elementor-element-7b435aa\" data-id=\"7b435aa\" data-element_type=\"column\">\n\t\t\t<div class=\"elementor-widget-wrap elementor-element-populated\">\n\t\t\t\t\t\t<div class=\"elementor-element elementor-element-90b8426 elementor-widget elementor-widget-image\" data-id=\"90b8426\" data-element_type=\"widget\" data-widget_type=\"image.default\">\n\t\t\t\t<div class=\"elementor-widget-container\">\n\t\t\t\t\t\t\t\t\t\t\t\t\t\t\t<img fetchpriority=\"high\" decoding=\"async\" width=\"768\" height=\"1024\" src=\"https:\/\/zbt.com.tr\/wp-content\/uploads\/2022\/05\/5855-12-307-3866-768x1024.jpg\" class=\"attachment-large size-large wp-image-1631\" alt=\"\" srcset=\"https:\/\/zbt.com.tr\/wp-content\/uploads\/2022\/05\/5855-12-307-3866-768x1024.jpg 768w, https:\/\/zbt.com.tr\/wp-content\/uploads\/2022\/05\/5855-12-307-3866-225x300.jpg 225w, https:\/\/zbt.com.tr\/wp-content\/uploads\/2022\/05\/5855-12-307-3866-1152x1536.jpg 1152w, https:\/\/zbt.com.tr\/wp-content\/uploads\/2022\/05\/5855-12-307-3866-1536x2048.jpg 1536w, https:\/\/zbt.com.tr\/wp-content\/uploads\/2022\/05\/5855-12-307-3866-scaled.jpg 1920w\" sizes=\"(max-width: 768px) 100vw, 768px\" title=\"\">\t\t\t\t\t\t\t\t\t\t\t\t\t\t\t<\/div>\n\t\t\t\t<\/div>\n\t\t\t\t\t<\/div>\n\t\t<\/div>\n\t\t\t\t\t<\/div>\n\t\t<\/section>\n\t\t\t\t<section class=\"elementor-section elementor-inner-section elementor-element elementor-element-7a6ee16 elementor-section-boxed elementor-section-height-default elementor-section-height-default\" data-id=\"7a6ee16\" data-element_type=\"section\">\n\t\t\t\t\t\t<div class=\"elementor-container elementor-column-gap-default\">\n\t\t\t\t\t<div class=\"elementor-column elementor-col-50 elementor-inner-column elementor-element elementor-element-4e314b0\" data-id=\"4e314b0\" data-element_type=\"column\">\n\t\t\t<div class=\"elementor-widget-wrap elementor-element-populated\">\n\t\t\t\t\t\t<div class=\"elementor-element elementor-element-fa571d9 elementor-widget elementor-widget-heading\" data-id=\"fa571d9\" data-element_type=\"widget\" data-widget_type=\"heading.default\">\n\t\t\t\t<div class=\"elementor-widget-container\">\n\t\t\t\t\t<h4 class=\"elementor-heading-title elementor-size-default\">5855-12-307-3867 CIRCUIT CARD ASSEMBLY Test Kart\u0131<\/h4>\t\t\t\t<\/div>\n\t\t\t\t<\/div>\n\t\t\t\t\t<\/div>\n\t\t<\/div>\n\t\t\t\t<div class=\"elementor-column elementor-col-50 elementor-inner-column elementor-element elementor-element-207f332\" data-id=\"207f332\" data-element_type=\"column\">\n\t\t\t<div class=\"elementor-widget-wrap elementor-element-populated\">\n\t\t\t\t\t\t<div class=\"elementor-element elementor-element-595b08a elementor-widget elementor-widget-image\" data-id=\"595b08a\" data-element_type=\"widget\" data-widget_type=\"image.default\">\n\t\t\t\t<div class=\"elementor-widget-container\">\n\t\t\t\t\t\t\t\t\t\t\t\t\t\t\t<img decoding=\"async\" width=\"768\" height=\"1024\" src=\"https:\/\/zbt.com.tr\/wp-content\/uploads\/2022\/05\/5855-12-307-3867-768x1024.jpg\" class=\"attachment-large size-large wp-image-1630\" alt=\"\" srcset=\"https:\/\/zbt.com.tr\/wp-content\/uploads\/2022\/05\/5855-12-307-3867-768x1024.jpg 768w, https:\/\/zbt.com.tr\/wp-content\/uploads\/2022\/05\/5855-12-307-3867-225x300.jpg 225w, https:\/\/zbt.com.tr\/wp-content\/uploads\/2022\/05\/5855-12-307-3867-1152x1536.jpg 1152w, https:\/\/zbt.com.tr\/wp-content\/uploads\/2022\/05\/5855-12-307-3867-1536x2048.jpg 1536w, https:\/\/zbt.com.tr\/wp-content\/uploads\/2022\/05\/5855-12-307-3867-scaled.jpg 1920w\" sizes=\"(max-width: 768px) 100vw, 768px\" title=\"\">\t\t\t\t\t\t\t\t\t\t\t\t\t\t\t<\/div>\n\t\t\t\t<\/div>\n\t\t\t\t\t<\/div>\n\t\t<\/div>\n\t\t\t\t\t<\/div>\n\t\t<\/section>\n\t\t\t\t<section class=\"elementor-section elementor-inner-section elementor-element elementor-element-2bb0fe1 elementor-section-boxed elementor-section-height-default elementor-section-height-default\" data-id=\"2bb0fe1\" data-element_type=\"section\">\n\t\t\t\t\t\t<div class=\"elementor-container elementor-column-gap-default\">\n\t\t\t\t\t<div class=\"elementor-column elementor-col-50 elementor-inner-column elementor-element elementor-element-9d4fc16\" data-id=\"9d4fc16\" data-element_type=\"column\">\n\t\t\t<div class=\"elementor-widget-wrap elementor-element-populated\">\n\t\t\t\t\t\t<div class=\"elementor-element elementor-element-3252630 elementor-widget elementor-widget-heading\" data-id=\"3252630\" data-element_type=\"widget\" data-widget_type=\"heading.default\">\n\t\t\t\t<div class=\"elementor-widget-container\">\n\t\t\t\t\t<h4 class=\"elementor-heading-title elementor-size-default\">5855-12-307-3868 ELECTRONIC COMPONENTS ASSEMBLY G\u00fc\u00e7 kart\u0131<\/h4>\t\t\t\t<\/div>\n\t\t\t\t<\/div>\n\t\t\t\t\t<\/div>\n\t\t<\/div>\n\t\t\t\t<div class=\"elementor-column elementor-col-50 elementor-inner-column elementor-element elementor-element-ae12f00\" data-id=\"ae12f00\" data-element_type=\"column\">\n\t\t\t<div class=\"elementor-widget-wrap elementor-element-populated\">\n\t\t\t\t\t\t<div class=\"elementor-element elementor-element-c0615e6 elementor-widget elementor-widget-image\" data-id=\"c0615e6\" data-element_type=\"widget\" data-widget_type=\"image.default\">\n\t\t\t\t<div class=\"elementor-widget-container\">\n\t\t\t\t\t\t\t\t\t\t\t\t\t\t\t<img decoding=\"async\" width=\"768\" height=\"1024\" src=\"https:\/\/zbt.com.tr\/wp-content\/uploads\/2022\/05\/5855-12-307-3868-768x1024.jpg\" class=\"attachment-large size-large wp-image-1632\" alt=\"5855-12-307-3868\" srcset=\"https:\/\/zbt.com.tr\/wp-content\/uploads\/2022\/05\/5855-12-307-3868-768x1024.jpg 768w, https:\/\/zbt.com.tr\/wp-content\/uploads\/2022\/05\/5855-12-307-3868-225x300.jpg 225w, https:\/\/zbt.com.tr\/wp-content\/uploads\/2022\/05\/5855-12-307-3868-1152x1536.jpg 1152w, https:\/\/zbt.com.tr\/wp-content\/uploads\/2022\/05\/5855-12-307-3868-1536x2048.jpg 1536w, https:\/\/zbt.com.tr\/wp-content\/uploads\/2022\/05\/5855-12-307-3868-scaled.jpg 1920w\" sizes=\"(max-width: 768px) 100vw, 768px\" title=\"\">\t\t\t\t\t\t\t\t\t\t\t\t\t\t\t<\/div>\n\t\t\t\t<\/div>\n\t\t\t\t\t<\/div>\n\t\t<\/div>\n\t\t\t\t\t<\/div>\n\t\t<\/section>\n\t\t\t\t<section class=\"elementor-section elementor-inner-section elementor-element elementor-element-6792f14 elementor-section-boxed elementor-section-height-default elementor-section-height-default\" data-id=\"6792f14\" data-element_type=\"section\">\n\t\t\t\t\t\t<div class=\"elementor-container elementor-column-gap-default\">\n\t\t\t\t\t<div class=\"elementor-column elementor-col-50 elementor-inner-column elementor-element elementor-element-1c97ec2\" data-id=\"1c97ec2\" data-element_type=\"column\">\n\t\t\t<div class=\"elementor-widget-wrap elementor-element-populated\">\n\t\t\t\t\t\t<div class=\"elementor-element elementor-element-ac135da elementor-widget elementor-widget-heading\" data-id=\"ac135da\" data-element_type=\"widget\" data-widget_type=\"heading.default\">\n\t\t\t\t<div class=\"elementor-widget-container\">\n\t\t\t\t\t<h4 class=\"elementor-heading-title elementor-size-default\">Milan Mira Besleme \u00dcnitesi (ELEKTRONISCHE BAUTE)<\/h4>\t\t\t\t<\/div>\n\t\t\t\t<\/div>\n\t\t\t\t\t<\/div>\n\t\t<\/div>\n\t\t\t\t<div class=\"elementor-column elementor-col-50 elementor-inner-column elementor-element elementor-element-b9d3dc1\" data-id=\"b9d3dc1\" data-element_type=\"column\">\n\t\t\t<div class=\"elementor-widget-wrap\">\n\t\t\t\t\t\t\t<\/div>\n\t\t<\/div>\n\t\t\t\t\t<\/div>\n\t\t<\/section>\n\t\t\t\t\t<\/div>\n\t\t<\/div>\n\t\t\t\t\t<\/div>\n\t\t<\/section>\n\t\t\t\t<\/div>","protected":false},"excerpt":{"rendered":"<p>Milan Mira (ELEKTRONISCHE BAUTE) 5855-12-307-3868 Part No: 7228901 \u015eirketimiz ihtiyaca \u00f6zg\u00fcn, yurtd\u0131\u015f\u0131ndan temin edilemeyen veya y\u00fcksek maliyetli olan askeri elektronik kart, sistem ve cihazlar\u0131, g\u00f6m\u00fcl\u00fc yaz\u0131l\u0131m\u0131 dahil olmak \u00fczere\u00a0 tamamen\u00a0milli olarak tasarlamakta ve \u00fcretmektedir. 5855-12-307-3866 ELECTRONIC COMPONENTS ASSEMBLY Panel 5855-12-307-3867 CIRCUIT CARD ASSEMBLY Test Kart\u0131 5855-12-307-3868 ELECTRONIC COMPONENTS ASSEMBLY G\u00fc\u00e7 kart\u0131 Milan Mira Besleme \u00dcnitesi [&hellip;]<\/p>","protected":false},"author":1,"featured_media":0,"parent":0,"menu_order":0,"comment_status":"closed","ping_status":"closed","template":"","meta":{"footnotes":""},"class_list":["post-1534","page","type-page","status-publish","hentry"],"_links":{"self":[{"href":"https:\/\/zbt.com.tr\/en\/wp-json\/wp\/v2\/pages\/1534","targetHints":{"allow":["GET"]}}],"collection":[{"href":"https:\/\/zbt.com.tr\/en\/wp-json\/wp\/v2\/pages"}],"about":[{"href":"https:\/\/zbt.com.tr\/en\/wp-json\/wp\/v2\/types\/page"}],"author":[{"embeddable":true,"href":"https:\/\/zbt.com.tr\/en\/wp-json\/wp\/v2\/users\/1"}],"replies":[{"embeddable":true,"href":"https:\/\/zbt.com.tr\/en\/wp-json\/wp\/v2\/comments?post=1534"}],"version-history":[{"count":6,"href":"https:\/\/zbt.com.tr\/en\/wp-json\/wp\/v2\/pages\/1534\/revisions"}],"predecessor-version":[{"id":1917,"href":"https:\/\/zbt.com.tr\/en\/wp-json\/wp\/v2\/pages\/1534\/revisions\/1917"}],"wp:attachment":[{"href":"https:\/\/zbt.com.tr\/en\/wp-json\/wp\/v2\/media?parent=1534"}],"curies":[{"name":"wp","href":"https:\/\/api.w.org\/{rel}","templated":true}]}}